{"id":915,"date":"2023-03-16T17:48:48","date_gmt":"2023-03-16T17:48:48","guid":{"rendered":"https:\/\/laneura.es\/?page_id=915"},"modified":"2025-04-22T09:02:37","modified_gmt":"2025-04-22T09:02:37","slug":"fragments-duna-boja","status":"publish","type":"page","link":"https:\/\/laneura.es\/es\/fragments-duna-boja\/","title":{"rendered":"Fragments d&#8217;una Boja"},"content":{"rendered":"<div data-elementor-type=\"wp-page\" data-elementor-id=\"915\" class=\"elementor elementor-915\">\n\t\t\t\t\t\t<section class=\"elementor-section elementor-top-section elementor-element elementor-element-f3455c4 elementor-section-height-min-height elementor-section-boxed elementor-section-height-default elementor-section-items-middle\" data-id=\"f3455c4\" data-element_type=\"section\" data-settings=\"{&quot;background_background&quot;:&quot;classic&quot;}\">\n\t\t\t\t\t\t\t<div class=\"elementor-background-overlay\"><\/div>\n\t\t\t\t\t\t\t<div class=\"elementor-container elementor-column-gap-default\">\n\t\t\t\t\t<div class=\"elementor-column elementor-col-100 elementor-top-column elementor-element elementor-element-4e436ac\" data-id=\"4e436ac\" data-element_type=\"column\">\n\t\t\t<div class=\"elementor-widget-wrap elementor-element-populated\">\n\t\t\t\t\t\t<div class=\"elementor-element elementor-element-996efc4 elementor-widget elementor-widget-heading\" data-id=\"996efc4\" data-element_type=\"widget\" data-widget_type=\"heading.default\">\n\t\t\t\t<div class=\"elementor-widget-container\">\n\t\t\t<h2 class=\"elementor-heading-title elementor-size-default\">Fragmentos de una Loca<\/h2>\t\t<\/div>\n\t\t\t\t<\/div>\n\t\t\t\t\t<\/div>\n\t\t<\/div>\n\t\t\t\t\t<\/div>\n\t\t<\/section>\n\t\t\t\t<section class=\"elementor-section elementor-top-section elementor-element elementor-element-60cfe16 elementor-section-boxed elementor-section-height-default elementor-section-height-default\" data-id=\"60cfe16\" data-element_type=\"section\">\n\t\t\t\t\t\t<div class=\"elementor-container elementor-column-gap-wider\">\n\t\t\t\t\t<div class=\"elementor-column elementor-col-50 elementor-top-column elementor-element elementor-element-ed87ee2\" data-id=\"ed87ee2\" data-element_type=\"column\">\n\t\t\t<div class=\"elementor-widget-wrap elementor-element-populated\">\n\t\t\t\t\t\t<section class=\"elementor-section elementor-inner-section elementor-element elementor-element-68ebe3a elementor-section-boxed elementor-section-height-default elementor-section-height-default\" data-id=\"68ebe3a\" data-element_type=\"section\">\n\t\t\t\t\t\t<div class=\"elementor-container elementor-column-gap-default\">\n\t\t\t\t\t<div class=\"elementor-column elementor-col-100 elementor-inner-column elementor-element elementor-element-83eb817\" data-id=\"83eb817\" data-element_type=\"column\">\n\t\t\t<div class=\"elementor-widget-wrap elementor-element-populated\">\n\t\t\t\t\t\t<div class=\"elementor-element elementor-element-36ccd5b elementor-widget__width-auto elementor-widget elementor-widget-heading\" data-id=\"36ccd5b\" data-element_type=\"widget\" data-widget_type=\"heading.default\">\n\t\t\t\t<div class=\"elementor-widget-container\">\n\t\t\t<h1 class=\"elementor-heading-title elementor-size-default\">Sinopsis<\/h1>\t\t<\/div>\n\t\t\t\t<\/div>\n\t\t\t\t<div class=\"elementor-element elementor-element-6e66d81 elementor-widget elementor-widget-text-editor\" data-id=\"6e66d81\" data-element_type=\"widget\" data-widget_type=\"text-editor.default\">\n\t\t\t\t<div class=\"elementor-widget-container\">\n\t\t\t\t\t\t\t<p>A caballo entre la instalaci\u00f3n, la performance y la autoficci\u00f3n, la obra explora la experiencia psic\u00f3tica del artista, las causas de su desencadenamiento y su posterior recuperaci\u00f3n. A trav\u00e9s de un uso poli\u00e9drico de diferentes lenguajes como el bordado, la sonoridad y la corporalidad. dramaturga Mireia Juanals, se plantea la acci\u00f3n del espectador como un agente activo, se\u00f1alando su propia mirada como causa y consecuencia del brote psic\u00f3tico: el juicio del otro.<\/p><p>Una cama emerge en el escenario, invitando al espectador a tumbarse entre sus s\u00e1banas tiernamente bordadas. esta instalaci\u00f3n ya se presentan y se interrelacionan los temas principales que vertebran Fragmentos de una Loca: el autosabotaje, la necesidad de aprobaci\u00f3n y amor, y la b\u00fasqueda obsesiva de la perfecci\u00f3n.<\/p><p>Este juego de conjunciones y disyunciones se superponen y colisionan entre la crudeza de las escenas y la actitud de negaci\u00f3n que aflora de vez en cuando en el texto dramaturgo. El cuerpo como campo de batalla. Mireia Juanals advierte la necesidad de repensarnos fuera del letargo triunfal de una sociedad hiperproductiva.<\/p>\t\t\t\t\t\t<\/div>\n\t\t\t\t<\/div>\n\t\t\t\t<div class=\"elementor-element elementor-element-d239c3b elementor-widget__width-auto elementor-widget elementor-widget-heading\" data-id=\"d239c3b\" data-element_type=\"widget\" data-widget_type=\"heading.default\">\n\t\t\t\t<div class=\"elementor-widget-container\">\n\t\t\t<h1 class=\"elementor-heading-title elementor-size-default\">duraci\u00f3n: 90 minutos<\/h1>\t\t<\/div>\n\t\t\t\t<\/div>\n\t\t\t\t<div class=\"elementor-element elementor-element-9a646cb elementor-align-center elementor-widget elementor-widget-button\" data-id=\"9a646cb\" data-element_type=\"widget\" data-widget_type=\"button.default\">\n\t\t\t\t<div class=\"elementor-widget-container\">\n\t\t\t\t\t<div class=\"elementor-button-wrapper\">\n\t\t\t<a class=\"elementor-button elementor-button-link elementor-size-lg\" href=\"https:\/\/laneura.es\/wp-content\/uploads\/2024\/12\/Dossier-Fragments-duna-Boja-La-Neura.pdf\" target=\"_blank\">\n\t\t\t\t\t\t<span class=\"elementor-button-content-wrapper\">\n\t\t\t\t\t\t\t\t\t<span class=\"elementor-button-text\">Descarga Dossier<\/span>\n\t\t\t\t\t<\/span>\n\t\t\t\t\t<\/a>\n\t\t<\/div>\n\t\t\t\t<\/div>\n\t\t\t\t<\/div>\n\t\t\t\t\t<\/div>\n\t\t<\/div>\n\t\t\t\t\t<\/div>\n\t\t<\/section>\n\t\t\t\t\t<\/div>\n\t\t<\/div>\n\t\t\t\t<div class=\"elementor-column elementor-col-50 elementor-top-column elementor-element elementor-element-9d94234\" data-id=\"9d94234\" data-element_type=\"column\">\n\t\t\t<div class=\"elementor-widget-wrap elementor-element-populated\">\n\t\t\t\t\t\t<div class=\"elementor-element elementor-element-a8e65d4 elementor-widget elementor-widget-image\" data-id=\"a8e65d4\" data-element_type=\"widget\" data-widget_type=\"image.default\">\n\t\t\t\t<div class=\"elementor-widget-container\">\n\t\t\t\t\t\t\t\t\t\t\t\t\t<img fetchpriority=\"high\" decoding=\"async\" width=\"1806\" height=\"2560\" src=\"https:\/\/laneura.es\/wp-content\/uploads\/2024\/12\/Foto-vertical-Projecte-1-Fragments-duna-Boja-scaled.jpg\" class=\"attachment-full size-full wp-image-1818\" alt=\"\" srcset=\"https:\/\/laneura.es\/wp-content\/uploads\/2024\/12\/Foto-vertical-Projecte-1-Fragments-duna-Boja-scaled.jpg 1806w, https:\/\/laneura.es\/wp-content\/uploads\/2024\/12\/Foto-vertical-Projecte-1-Fragments-duna-Boja-1084x1536.jpg 1084w, https:\/\/laneura.es\/wp-content\/uploads\/2024\/12\/Foto-vertical-Projecte-1-Fragments-duna-Boja-1445x2048.jpg 1445w\" sizes=\"(max-width: 1806px) 100vw, 1806px\" \/>\t\t\t\t\t\t\t\t\t\t\t\t\t<\/div>\n\t\t\t\t<\/div>\n\t\t\t\t\t<\/div>\n\t\t<\/div>\n\t\t\t\t\t<\/div>\n\t\t<\/section>\n\t\t\t\t<section class=\"elementor-section elementor-top-section elementor-element elementor-element-02913fa elementor-section-boxed elementor-section-height-default elementor-section-height-default\" data-id=\"02913fa\" data-element_type=\"section\">\n\t\t\t\t\t\t<div class=\"elementor-container elementor-column-gap-default\">\n\t\t\t\t\t<div class=\"elementor-column elementor-col-100 elementor-top-column elementor-element elementor-element-b8b3954\" data-id=\"b8b3954\" data-element_type=\"column\">\n\t\t\t<div class=\"elementor-widget-wrap elementor-element-populated\">\n\t\t\t\t\t\t<div class=\"elementor-element elementor-element-42934ae elementor-widget elementor-widget-video\" data-id=\"42934ae\" data-element_type=\"widget\" data-settings=\"{&quot;youtube_url&quot;:&quot;https:\\\/\\\/www.youtube.com\\\/watch?v=g4vIzxa2mn8&quot;,&quot;video_type&quot;:&quot;youtube&quot;,&quot;controls&quot;:&quot;yes&quot;}\" data-widget_type=\"video.default\">\n\t\t\t\t<div class=\"elementor-widget-container\">\n\t\t\t\t\t<div class=\"elementor-wrapper elementor-open-inline\">\n\t\t\t<div class=\"elementor-video\"><\/div>\t\t<\/div>\n\t\t\t\t<\/div>\n\t\t\t\t<\/div>\n\t\t\t\t\t<\/div>\n\t\t<\/div>\n\t\t\t\t\t<\/div>\n\t\t<\/section>\n\t\t\t\t<section class=\"elementor-section elementor-top-section elementor-element elementor-element-4e44b2c elementor-section-boxed elementor-section-height-default elementor-section-height-default\" data-id=\"4e44b2c\" data-element_type=\"section\">\n\t\t\t\t\t\t<div class=\"elementor-container elementor-column-gap-default\">\n\t\t\t\t\t<div class=\"elementor-column elementor-col-100 elementor-top-column elementor-element elementor-element-404990a\" data-id=\"404990a\" data-element_type=\"column\">\n\t\t\t<div class=\"elementor-widget-wrap elementor-element-populated\">\n\t\t\t\t\t\t<div class=\"elementor-element elementor-element-7993152 elementor-widget elementor-widget-gallery\" data-id=\"7993152\" data-element_type=\"widget\" data-settings=\"{&quot;gallery_layout&quot;:&quot;masonry&quot;,&quot;columns&quot;:1,&quot;lazyload&quot;:&quot;yes&quot;,&quot;columns_tablet&quot;:2,&quot;columns_mobile&quot;:1,&quot;gap&quot;:{&quot;unit&quot;:&quot;px&quot;,&quot;size&quot;:10,&quot;sizes&quot;:[]},&quot;gap_tablet&quot;:{&quot;unit&quot;:&quot;px&quot;,&quot;size&quot;:10,&quot;sizes&quot;:[]},&quot;gap_mobile&quot;:{&quot;unit&quot;:&quot;px&quot;,&quot;size&quot;:10,&quot;sizes&quot;:[]},&quot;link_to&quot;:&quot;file&quot;,&quot;overlay_background&quot;:&quot;yes&quot;,&quot;content_hover_animation&quot;:&quot;fade-in&quot;}\" data-widget_type=\"gallery.default\">\n\t\t\t\t<div class=\"elementor-widget-container\">\n\t\t\t\t\t<div class=\"elementor-gallery__container\">\n\t\t\t\t\t\t\t<a class=\"e-gallery-item elementor-gallery-item elementor-animated-content\" href=\"https:\/\/laneura.es\/wp-content\/uploads\/2024\/12\/Foto-extra-2-Fragments-duna-Boja-scaled.jpg\" data-elementor-open-lightbox=\"yes\" data-elementor-lightbox-slideshow=\"all-7993152\" data-elementor-lightbox-title=\"Foto extra 2 Fragments d&#039;una Boja\" data-e-action-hash=\"#elementor-action%3Aaction%3Dlightbox%26settings%3DeyJpZCI6MTgyMCwidXJsIjoiaHR0cHM6XC9cL2xhbmV1cmEuZXNcL3dwLWNvbnRlbnRcL3VwbG9hZHNcLzIwMjRcLzEyXC9Gb3RvLWV4dHJhLTItRnJhZ21lbnRzLWR1bmEtQm9qYS1zY2FsZWQuanBnIiwic2xpZGVzaG93IjoiYWxsLTc5OTMxNTIifQ%3D%3D\">\n\t\t\t\t\t<div class=\"e-gallery-image elementor-gallery-item__image\" data-thumbnail=\"https:\/\/laneura.es\/wp-content\/uploads\/2024\/12\/Foto-extra-2-Fragments-duna-Boja-scaled.jpg\" data-width=\"2560\" data-height=\"1707\" alt=\"\" ><\/div>\n\t\t\t\t\t\t\t\t\t\t\t<div class=\"elementor-gallery-item__overlay\"><\/div>\n\t\t\t\t\t\t\t\t\t\t\t\t\t\t<\/a>\n\t\t\t\t\t\t\t<a class=\"e-gallery-item elementor-gallery-item elementor-animated-content\" href=\"https:\/\/laneura.es\/wp-content\/uploads\/2024\/12\/Foto-extra-1-Fragments-duna-Boja-scaled.jpg\" data-elementor-open-lightbox=\"yes\" data-elementor-lightbox-slideshow=\"all-7993152\" data-elementor-lightbox-title=\"Foto extra 1 Fragments d&#039;una Boja\" data-e-action-hash=\"#elementor-action%3Aaction%3Dlightbox%26settings%3DeyJpZCI6MTgxOSwidXJsIjoiaHR0cHM6XC9cL2xhbmV1cmEuZXNcL3dwLWNvbnRlbnRcL3VwbG9hZHNcLzIwMjRcLzEyXC9Gb3RvLWV4dHJhLTEtRnJhZ21lbnRzLWR1bmEtQm9qYS1zY2FsZWQuanBnIiwic2xpZGVzaG93IjoiYWxsLTc5OTMxNTIifQ%3D%3D\">\n\t\t\t\t\t<div class=\"e-gallery-image elementor-gallery-item__image\" data-thumbnail=\"https:\/\/laneura.es\/wp-content\/uploads\/2024\/12\/Foto-extra-1-Fragments-duna-Boja-scaled.jpg\" data-width=\"2560\" data-height=\"1707\" alt=\"\" ><\/div>\n\t\t\t\t\t\t\t\t\t\t\t<div class=\"elementor-gallery-item__overlay\"><\/div>\n\t\t\t\t\t\t\t\t\t\t\t\t\t\t<\/a>\n\t\t\t\t\t<\/div>\n\t\t\t<\/div>\n\t\t\t\t<\/div>\n\t\t\t\t\t<\/div>\n\t\t<\/div>\n\t\t\t\t\t<\/div>\n\t\t<\/section>\n\t\t\t\t<section class=\"elementor-section elementor-top-section elementor-element elementor-element-d2c4592 elementor-section-height-min-height elementor-section-boxed elementor-section-height-default elementor-section-items-middle\" data-id=\"d2c4592\" data-element_type=\"section\" data-settings=\"{&quot;background_background&quot;:&quot;classic&quot;,&quot;background_motion_fx_motion_fx_scrolling&quot;:&quot;yes&quot;,&quot;background_motion_fx_scale_effect&quot;:&quot;yes&quot;,&quot;background_motion_fx_scale_speed&quot;:{&quot;unit&quot;:&quot;px&quot;,&quot;size&quot;:5,&quot;sizes&quot;:[]},&quot;background_motion_fx_scale_direction&quot;:&quot;out-in&quot;,&quot;background_motion_fx_scale_range&quot;:{&quot;unit&quot;:&quot;%&quot;,&quot;size&quot;:&quot;&quot;,&quot;sizes&quot;:{&quot;start&quot;:20,&quot;end&quot;:80}},&quot;background_motion_fx_devices&quot;:[&quot;desktop&quot;,&quot;tablet&quot;,&quot;mobile&quot;]}\">\n\t\t\t\t\t\t\t<div class=\"elementor-background-overlay\"><\/div>\n\t\t\t\t\t\t\t<div class=\"elementor-container elementor-column-gap-default\">\n\t\t\t\t\t<div class=\"elementor-column elementor-col-50 elementor-top-column elementor-element elementor-element-03aedd1\" data-id=\"03aedd1\" data-element_type=\"column\">\n\t\t\t<div class=\"elementor-widget-wrap elementor-element-populated\">\n\t\t\t\t\t\t<section class=\"elementor-section elementor-inner-section elementor-element elementor-element-a1d6ed1 elementor-section-boxed elementor-section-height-default elementor-section-height-default\" data-id=\"a1d6ed1\" data-element_type=\"section\">\n\t\t\t\t\t\t<div class=\"elementor-container elementor-column-gap-default\">\n\t\t\t\t\t<div class=\"elementor-column elementor-col-100 elementor-inner-column elementor-element elementor-element-1612cd3\" data-id=\"1612cd3\" data-element_type=\"column\">\n\t\t\t<div class=\"elementor-widget-wrap elementor-element-populated\">\n\t\t\t\t\t\t<div class=\"elementor-element elementor-element-fe998cb elementor-headline--style-rotate elementor-widget elementor-widget-animated-headline\" data-id=\"fe998cb\" data-element_type=\"widget\" data-settings=\"{&quot;headline_style&quot;:&quot;rotate&quot;,&quot;animation_type&quot;:&quot;slide-down&quot;,&quot;loop&quot;:&quot;yes&quot;,&quot;rotate_iteration_delay&quot;:2500}\" data-widget_type=\"animated-headline.default\">\n\t\t\t\t<div class=\"elementor-widget-container\">\n\t\t\t\t\t<h1 class=\"elementor-headline elementor-headline-animation-type-slide-down\">\n\t\t\t\t\t<span class=\"elementor-headline-plain-text elementor-headline-text-wrapper\">La Neura<\/span>\n\t\t\t\t<span class=\"elementor-headline-dynamic-wrapper elementor-headline-text-wrapper\">\n\t\t\t\t<\/span>\n\t\t\t\t<\/h1>\n\t\t\t\t<\/div>\n\t\t\t\t<\/div>\n\t\t\t\t<div class=\"elementor-element elementor-element-4ef86df elementor-widget elementor-widget-text-editor\" data-id=\"4ef86df\" data-element_type=\"widget\" data-widget_type=\"text-editor.default\">\n\t\t\t\t<div class=\"elementor-widget-container\">\n\t\t\t\t\t\t\t<div class=\"elementor-element elementor-element-7a450f62 elementor-widget elementor-widget-text-editor animated fadeIn\" data-id=\"7a450f62\" data-element_type=\"widget\" data-settings=\"{&quot;_animation&quot;:&quot;fadeIn&quot;,&quot;_animation_delay&quot;:200}\" data-widget_type=\"text-editor.default\"><div class=\"elementor-widget-container\"><div class=\"elementor-text-editor elementor-clearfix\"><p>Un espacio creativo que transforma el sufrimiento ps\u00edquico a trav\u00e9s del arte.<\/p><\/div><\/div><\/div>\t\t\t\t\t\t<\/div>\n\t\t\t\t<\/div>\n\t\t\t\t<div class=\"elementor-element elementor-element-75f4274 elementor-align-left elementor-widget elementor-widget-button\" data-id=\"75f4274\" data-element_type=\"widget\" data-widget_type=\"button.default\">\n\t\t\t\t<div class=\"elementor-widget-container\">\n\t\t\t\t\t<div class=\"elementor-button-wrapper\">\n\t\t\t<a class=\"elementor-button elementor-button-link elementor-size-md elementor-animation-bob\" href=\"mailto:fragmentosdeunaloca@gmail.com\">\n\t\t\t\t\t\t<span class=\"elementor-button-content-wrapper\">\n\t\t\t\t\t\t\t\t\t<span class=\"elementor-button-text\">Contacta<\/span>\n\t\t\t\t\t<\/span>\n\t\t\t\t\t<\/a>\n\t\t<\/div>\n\t\t\t\t<\/div>\n\t\t\t\t<\/div>\n\t\t\t\t<div class=\"elementor-element elementor-element-26df86d e-grid-align-left elementor-shape-rounded elementor-grid-0 elementor-widget elementor-widget-social-icons\" data-id=\"26df86d\" data-element_type=\"widget\" data-widget_type=\"social-icons.default\">\n\t\t\t\t<div class=\"elementor-widget-container\">\n\t\t\t\t\t<div class=\"elementor-social-icons-wrapper elementor-grid\">\n\t\t\t\t\t\t\t<span class=\"elementor-grid-item\">\n\t\t\t\t\t<a class=\"elementor-icon elementor-social-icon elementor-social-icon-instagram elementor-repeater-item-be9c7fb\" href=\"https:\/\/www.instagram.com\/laneurateatre\/\" target=\"_blank\" rel=\"noopener\">\n\t\t\t\t\t\t<span class=\"elementor-screen-only\">Instagram<\/span>\n\t\t\t\t\t\t<i class=\"fab fa-instagram\"><\/i>\t\t\t\t\t<\/a>\n\t\t\t\t<\/span>\n\t\t\t\t\t<\/div>\n\t\t\t\t<\/div>\n\t\t\t\t<\/div>\n\t\t\t\t\t<\/div>\n\t\t<\/div>\n\t\t\t\t\t<\/div>\n\t\t<\/section>\n\t\t\t\t\t<\/div>\n\t\t<\/div>\n\t\t\t\t<div class=\"elementor-column elementor-col-50 elementor-top-column elementor-element elementor-element-5638de3 elementor-hidden-phone\" data-id=\"5638de3\" data-element_type=\"column\">\n\t\t\t<div class=\"elementor-widget-wrap elementor-element-populated\">\n\t\t\t\t\t\t<div class=\"elementor-element elementor-element-8b6ee17 elementor-widget__width-initial elementor-absolute elementor-widget elementor-widget-image\" data-id=\"8b6ee17\" data-element_type=\"widget\" data-settings=\"{&quot;_position&quot;:&quot;absolute&quot;}\" data-widget_type=\"image.default\">\n\t\t\t\t<div class=\"elementor-widget-container\">\n\t\t\t\t\t\t\t\t\t\t\t\t\t<img decoding=\"async\" src=\"https:\/\/laneura.es\/wp-content\/uploads\/2025\/02\/AJBCN_Sign_Com_1tinta-Negatiu.png\" title=\"AJBCN_Sign_Com_1tinta-Negativo\" alt=\"AJBCN_Sign_Com_1tinta-Negatiu\" loading=\"lazy\" \/>\t\t\t\t\t\t\t\t\t\t\t\t\t<\/div>\n\t\t\t\t<\/div>\n\t\t\t\t\t<\/div>\n\t\t<\/div>\n\t\t\t\t\t<\/div>\n\t\t<\/section>\n\t\t\t\t<section class=\"elementor-section elementor-top-section elementor-element elementor-element-b6bfaaa elementor-section-boxed elementor-section-height-default elementor-section-height-default\" data-id=\"b6bfaaa\" data-element_type=\"section\">\n\t\t\t\t\t\t<div class=\"elementor-container elementor-column-gap-default\">\n\t\t\t\t\t<div class=\"elementor-column elementor-col-100 elementor-top-column elementor-element elementor-element-e29fe31\" data-id=\"e29fe31\" data-element_type=\"column\">\n\t\t\t<div class=\"elementor-widget-wrap elementor-element-populated\">\n\t\t\t\t\t\t<div class=\"elementor-element elementor-element-1b5c6eb elementor-widget elementor-widget-text-editor\" data-id=\"1b5c6eb\" data-element_type=\"widget\" data-widget_type=\"text-editor.default\">\n\t\t\t\t<div class=\"elementor-widget-container\">\n\t\t\t\t\t\t\t<h6>Con el apoyo del Ayuntamiento de Barcelona y el ICUB.<\/h6>\t\t\t\t\t\t<\/div>\n\t\t\t\t<\/div>\n\t\t\t\t\t<\/div>\n\t\t<\/div>\n\t\t\t\t\t<\/div>\n\t\t<\/section>\n\t\t\t\t<\/div>","protected":false},"excerpt":{"rendered":"<p>Fragments d&#8217;una Boja Sinopsi A cavall entre la instal\u00b7laci\u00f3, la performance i l\u2019autoficci\u00f3, l\u2019obra explora l\u2019experi\u00e8ncia psic\u00f2tica de l\u2019artista, les causes del seu desencadenament i la seva posterior recuperaci\u00f3. A [&hellip;]<\/p>","protected":false},"author":1,"featured_media":0,"parent":0,"menu_order":0,"comment_status":"closed","ping_status":"closed","template":"elementor_header_footer","meta":{"footnotes":""},"_links":{"self":[{"href":"https:\/\/laneura.es\/es\/wp-json\/wp\/v2\/pages\/915"}],"collection":[{"href":"https:\/\/laneura.es\/es\/wp-json\/wp\/v2\/pages"}],"about":[{"href":"https:\/\/laneura.es\/es\/wp-json\/wp\/v2\/types\/page"}],"author":[{"embeddable":true,"href":"https:\/\/laneura.es\/es\/wp-json\/wp\/v2\/users\/1"}],"replies":[{"embeddable":true,"href":"https:\/\/laneura.es\/es\/wp-json\/wp\/v2\/comments?post=915"}],"version-history":[{"count":75,"href":"https:\/\/laneura.es\/es\/wp-json\/wp\/v2\/pages\/915\/revisions"}],"predecessor-version":[{"id":2046,"href":"https:\/\/laneura.es\/es\/wp-json\/wp\/v2\/pages\/915\/revisions\/2046"}],"wp:attachment":[{"href":"https:\/\/laneura.es\/es\/wp-json\/wp\/v2\/media?parent=915"}],"curies":[{"name":"wp","href":"https:\/\/api.w.org\/{rel}","templated":true}]}}