{"id":1871,"date":"2025-01-20T11:21:15","date_gmt":"2025-01-20T11:21:15","guid":{"rendered":"https:\/\/laneura.es\/?page_id=1871"},"modified":"2025-04-22T09:04:46","modified_gmt":"2025-04-22T09:04:46","slug":"el-teatre-com-a-espai-comunitari","status":"publish","type":"page","link":"https:\/\/laneura.es\/en\/el-teatre-com-a-espai-comunitari\/","title":{"rendered":"The Theater as a Community Space"},"content":{"rendered":"<div data-elementor-type=\"wp-page\" data-elementor-id=\"1871\" class=\"elementor elementor-1871\">\n\t\t\t\t\t\t<section class=\"elementor-section elementor-top-section elementor-element elementor-element-f3455c4 elementor-section-height-min-height elementor-section-boxed elementor-section-height-default elementor-section-items-middle\" data-id=\"f3455c4\" data-element_type=\"section\" data-settings=\"{&quot;background_background&quot;:&quot;classic&quot;}\">\n\t\t\t\t\t\t\t<div class=\"elementor-background-overlay\"><\/div>\n\t\t\t\t\t\t\t<div class=\"elementor-container elementor-column-gap-default\">\n\t\t\t\t\t<div class=\"elementor-column elementor-col-100 elementor-top-column elementor-element elementor-element-4e436ac\" data-id=\"4e436ac\" data-element_type=\"column\">\n\t\t\t<div class=\"elementor-widget-wrap elementor-element-populated\">\n\t\t\t\t\t\t<div class=\"elementor-element elementor-element-996efc4 elementor-widget elementor-widget-heading\" data-id=\"996efc4\" data-element_type=\"widget\" data-widget_type=\"heading.default\">\n\t\t\t\t<div class=\"elementor-widget-container\">\n\t\t\t<h2 class=\"elementor-heading-title elementor-size-default\">The Theater as a Community Space<\/h2>\t\t<\/div>\n\t\t\t\t<\/div>\n\t\t\t\t\t<\/div>\n\t\t<\/div>\n\t\t\t\t\t<\/div>\n\t\t<\/section>\n\t\t\t\t<section class=\"elementor-section elementor-top-section elementor-element elementor-element-60cfe16 elementor-section-boxed elementor-section-height-default elementor-section-height-default\" data-id=\"60cfe16\" data-element_type=\"section\">\n\t\t\t\t\t\t<div class=\"elementor-container elementor-column-gap-wider\">\n\t\t\t\t\t<div class=\"elementor-column elementor-col-50 elementor-top-column elementor-element elementor-element-ed87ee2\" data-id=\"ed87ee2\" data-element_type=\"column\">\n\t\t\t<div class=\"elementor-widget-wrap elementor-element-populated\">\n\t\t\t\t\t\t<section class=\"elementor-section elementor-inner-section elementor-element elementor-element-68ebe3a elementor-section-boxed elementor-section-height-default elementor-section-height-default\" data-id=\"68ebe3a\" data-element_type=\"section\">\n\t\t\t\t\t\t<div class=\"elementor-container elementor-column-gap-default\">\n\t\t\t\t\t<div class=\"elementor-column elementor-col-100 elementor-inner-column elementor-element elementor-element-83eb817\" data-id=\"83eb817\" data-element_type=\"column\">\n\t\t\t<div class=\"elementor-widget-wrap elementor-element-populated\">\n\t\t\t\t\t\t<div class=\"elementor-element elementor-element-36ccd5b elementor-widget__width-auto elementor-widget elementor-widget-heading\" data-id=\"36ccd5b\" data-element_type=\"widget\" data-widget_type=\"heading.default\">\n\t\t\t\t<div class=\"elementor-widget-container\">\n\t\t\t<h1 class=\"elementor-heading-title elementor-size-default\">Unconventional spaces<\/h1>\t\t<\/div>\n\t\t\t\t<\/div>\n\t\t\t\t<div class=\"elementor-element elementor-element-6e66d81 elementor-widget elementor-widget-text-editor\" data-id=\"6e66d81\" data-element_type=\"widget\" data-widget_type=\"text-editor.default\">\n\t\t\t\t<div class=\"elementor-widget-container\">\n\t\t\t\t\t\t\t<p>La Neura actively explores unconventional spaces to expand the boundaries of the theatrical experience and reach a broad and diverse audience. This commitment responds to the desire to move theater beyond traditional venues, making it accessible and transformative.<\/p><p>For this reason, his creations have come to life in bars, social centers and on the street, environments that facilitate an immediate and direct connection with the viewer. He also adapts the pieces to educational spaces such as high schools, collaborating with pedagogical agents to link the performing arts with emotional and critical education.<\/p><p>This approach allows not only to bring theater closer to new audiences, but also to integrate it into the social fabric, turning it into a living tool for collective reflection and community action.<\/p>\t\t\t\t\t\t<\/div>\n\t\t\t\t<\/div>\n\t\t\t\t\t<\/div>\n\t\t<\/div>\n\t\t\t\t\t<\/div>\n\t\t<\/section>\n\t\t\t\t\t<\/div>\n\t\t<\/div>\n\t\t\t\t<div class=\"elementor-column elementor-col-50 elementor-top-column elementor-element elementor-element-9d94234\" data-id=\"9d94234\" data-element_type=\"column\">\n\t\t\t<div class=\"elementor-widget-wrap elementor-element-populated\">\n\t\t\t\t\t\t<div class=\"elementor-element elementor-element-a8e65d4 elementor-widget elementor-widget-image\" data-id=\"a8e65d4\" data-element_type=\"widget\" data-widget_type=\"image.default\">\n\t\t\t\t<div class=\"elementor-widget-container\">\n\t\t\t\t\t\t\t\t\t\t\t\t\t<img fetchpriority=\"high\" decoding=\"async\" width=\"1066\" height=\"1600\" src=\"https:\/\/laneura.es\/wp-content\/uploads\/2025\/01\/Foto-vertical-Projecte-4-El-Teatre-com-a-Espai-Comunitari.jpg\" class=\"attachment-full size-full wp-image-1876\" alt=\"\" srcset=\"https:\/\/laneura.es\/wp-content\/uploads\/2025\/01\/Foto-vertical-Projecte-4-El-Teatre-com-a-Espai-Comunitari.jpg 1066w, https:\/\/laneura.es\/wp-content\/uploads\/2025\/01\/Foto-vertical-Projecte-4-El-Teatre-com-a-Espai-Comunitari-1023x1536.jpg 1023w\" sizes=\"(max-width: 1066px) 100vw, 1066px\" \/>\t\t\t\t\t\t\t\t\t\t\t\t\t<\/div>\n\t\t\t\t<\/div>\n\t\t\t\t\t<\/div>\n\t\t<\/div>\n\t\t\t\t\t<\/div>\n\t\t<\/section>\n\t\t\t\t<section class=\"elementor-section elementor-top-section elementor-element elementor-element-4e44b2c elementor-section-boxed elementor-section-height-default elementor-section-height-default\" data-id=\"4e44b2c\" data-element_type=\"section\">\n\t\t\t\t\t\t<div class=\"elementor-container elementor-column-gap-default\">\n\t\t\t\t\t<div class=\"elementor-column elementor-col-100 elementor-top-column elementor-element elementor-element-404990a\" data-id=\"404990a\" data-element_type=\"column\">\n\t\t\t<div class=\"elementor-widget-wrap elementor-element-populated\">\n\t\t\t\t\t\t<div class=\"elementor-element elementor-element-7993152 elementor-widget elementor-widget-gallery\" data-id=\"7993152\" data-element_type=\"widget\" data-settings=\"{&quot;gallery_layout&quot;:&quot;masonry&quot;,&quot;columns&quot;:1,&quot;lazyload&quot;:&quot;yes&quot;,&quot;columns_tablet&quot;:2,&quot;columns_mobile&quot;:1,&quot;gap&quot;:{&quot;unit&quot;:&quot;px&quot;,&quot;size&quot;:10,&quot;sizes&quot;:[]},&quot;gap_tablet&quot;:{&quot;unit&quot;:&quot;px&quot;,&quot;size&quot;:10,&quot;sizes&quot;:[]},&quot;gap_mobile&quot;:{&quot;unit&quot;:&quot;px&quot;,&quot;size&quot;:10,&quot;sizes&quot;:[]},&quot;link_to&quot;:&quot;file&quot;,&quot;overlay_background&quot;:&quot;yes&quot;,&quot;content_hover_animation&quot;:&quot;fade-in&quot;}\" data-widget_type=\"gallery.default\">\n\t\t\t\t<div class=\"elementor-widget-container\">\n\t\t\t\t\t<div class=\"elementor-gallery__container\">\n\t\t\t\t\t\t\t<a class=\"e-gallery-item elementor-gallery-item elementor-animated-content\" href=\"https:\/\/laneura.es\/wp-content\/uploads\/2025\/01\/Foto-extra-1-El-Teatre-com-a-Espai-Comunitari-1.jpg\" data-elementor-open-lightbox=\"yes\" data-elementor-lightbox-slideshow=\"all-7993152\" data-elementor-lightbox-title=\"Foto extra 1 El Teatre com a Espai Comunitari (1)\" data-e-action-hash=\"#elementor-action%3Aaction%3Dlightbox%26settings%3DeyJpZCI6MTg3NywidXJsIjoiaHR0cHM6XC9cL2xhbmV1cmEuZXNcL3dwLWNvbnRlbnRcL3VwbG9hZHNcLzIwMjVcLzAxXC9Gb3RvLWV4dHJhLTEtRWwtVGVhdHJlLWNvbS1hLUVzcGFpLUNvbXVuaXRhcmktMS5qcGciLCJzbGlkZXNob3ciOiJhbGwtNzk5MzE1MiJ9\">\n\t\t\t\t\t<div class=\"e-gallery-image elementor-gallery-item__image\" data-thumbnail=\"https:\/\/laneura.es\/wp-content\/uploads\/2025\/01\/Foto-extra-1-El-Teatre-com-a-Espai-Comunitari-1.jpg\" data-width=\"1600\" data-height=\"1066\" alt=\"\" ><\/div>\n\t\t\t\t\t\t\t\t\t\t\t<div class=\"elementor-gallery-item__overlay\"><\/div>\n\t\t\t\t\t\t\t\t\t\t\t\t\t\t<\/a>\n\t\t\t\t\t\t\t<a class=\"e-gallery-item elementor-gallery-item elementor-animated-content\" href=\"https:\/\/laneura.es\/wp-content\/uploads\/2025\/01\/Foto-extra-2-El-Teatre-com-a-Espai-Comunitari-1.jpg\" data-elementor-open-lightbox=\"yes\" data-elementor-lightbox-slideshow=\"all-7993152\" data-elementor-lightbox-title=\"Foto extra 2 El Teatre com a Espai Comunitari (1)\" data-e-action-hash=\"#elementor-action%3Aaction%3Dlightbox%26settings%3DeyJpZCI6MTg3OCwidXJsIjoiaHR0cHM6XC9cL2xhbmV1cmEuZXNcL3dwLWNvbnRlbnRcL3VwbG9hZHNcLzIwMjVcLzAxXC9Gb3RvLWV4dHJhLTItRWwtVGVhdHJlLWNvbS1hLUVzcGFpLUNvbXVuaXRhcmktMS5qcGciLCJzbGlkZXNob3ciOiJhbGwtNzk5MzE1MiJ9\">\n\t\t\t\t\t<div class=\"e-gallery-image elementor-gallery-item__image\" data-thumbnail=\"https:\/\/laneura.es\/wp-content\/uploads\/2025\/01\/Foto-extra-2-El-Teatre-com-a-Espai-Comunitari-1.jpg\" data-width=\"1600\" data-height=\"1066\" alt=\"\" ><\/div>\n\t\t\t\t\t\t\t\t\t\t\t<div class=\"elementor-gallery-item__overlay\"><\/div>\n\t\t\t\t\t\t\t\t\t\t\t\t\t\t<\/a>\n\t\t\t\t\t<\/div>\n\t\t\t<\/div>\n\t\t\t\t<\/div>\n\t\t\t\t\t<\/div>\n\t\t<\/div>\n\t\t\t\t\t<\/div>\n\t\t<\/section>\n\t\t\t\t<section class=\"elementor-section elementor-top-section elementor-element elementor-element-104a549 elementor-section-height-min-height elementor-section-boxed elementor-section-height-default elementor-section-items-middle\" data-id=\"104a549\" data-element_type=\"section\" data-settings=\"{&quot;background_background&quot;:&quot;classic&quot;,&quot;background_motion_fx_motion_fx_scrolling&quot;:&quot;yes&quot;,&quot;background_motion_fx_scale_effect&quot;:&quot;yes&quot;,&quot;background_motion_fx_scale_speed&quot;:{&quot;unit&quot;:&quot;px&quot;,&quot;size&quot;:5,&quot;sizes&quot;:[]},&quot;background_motion_fx_scale_direction&quot;:&quot;out-in&quot;,&quot;background_motion_fx_scale_range&quot;:{&quot;unit&quot;:&quot;%&quot;,&quot;size&quot;:&quot;&quot;,&quot;sizes&quot;:{&quot;start&quot;:20,&quot;end&quot;:80}},&quot;background_motion_fx_devices&quot;:[&quot;desktop&quot;,&quot;tablet&quot;,&quot;mobile&quot;]}\">\n\t\t\t\t\t\t\t<div class=\"elementor-background-overlay\"><\/div>\n\t\t\t\t\t\t\t<div class=\"elementor-container elementor-column-gap-default\">\n\t\t\t\t\t<div class=\"elementor-column elementor-col-50 elementor-top-column elementor-element elementor-element-d49c755\" data-id=\"d49c755\" data-element_type=\"column\">\n\t\t\t<div class=\"elementor-widget-wrap elementor-element-populated\">\n\t\t\t\t\t\t<section class=\"elementor-section elementor-inner-section elementor-element elementor-element-0d8684a elementor-section-boxed elementor-section-height-default elementor-section-height-default\" data-id=\"0d8684a\" data-element_type=\"section\">\n\t\t\t\t\t\t<div class=\"elementor-container elementor-column-gap-default\">\n\t\t\t\t\t<div class=\"elementor-column elementor-col-100 elementor-inner-column elementor-element elementor-element-9208b34\" data-id=\"9208b34\" data-element_type=\"column\">\n\t\t\t<div class=\"elementor-widget-wrap elementor-element-populated\">\n\t\t\t\t\t\t<div class=\"elementor-element elementor-element-5400ad7 elementor-headline--style-rotate elementor-widget elementor-widget-animated-headline\" data-id=\"5400ad7\" data-element_type=\"widget\" data-settings=\"{&quot;headline_style&quot;:&quot;rotate&quot;,&quot;animation_type&quot;:&quot;slide-down&quot;,&quot;loop&quot;:&quot;yes&quot;,&quot;rotate_iteration_delay&quot;:2500}\" data-widget_type=\"animated-headline.default\">\n\t\t\t\t<div class=\"elementor-widget-container\">\n\t\t\t\t\t<h1 class=\"elementor-headline elementor-headline-animation-type-slide-down\">\n\t\t\t\t\t<span class=\"elementor-headline-plain-text elementor-headline-text-wrapper\">La Neura<\/span>\n\t\t\t\t<span class=\"elementor-headline-dynamic-wrapper elementor-headline-text-wrapper\">\n\t\t\t\t<\/span>\n\t\t\t\t<\/h1>\n\t\t\t\t<\/div>\n\t\t\t\t<\/div>\n\t\t\t\t<div class=\"elementor-element elementor-element-35e60f8 elementor-widget elementor-widget-text-editor\" data-id=\"35e60f8\" data-element_type=\"widget\" data-widget_type=\"text-editor.default\">\n\t\t\t\t<div class=\"elementor-widget-container\">\n\t\t\t\t\t\t\t<div class=\"elementor-element elementor-element-7a450f62 elementor-widget elementor-widget-text-editor animated fadeIn\" data-id=\"7a450f62\" data-element_type=\"widget\" data-settings=\"{&quot;_animation&quot;:&quot;fadeIn&quot;,&quot;_animation_delay&quot;:200}\" data-widget_type=\"text-editor.default\"><div class=\"elementor-widget-container\"><div class=\"elementor-text-editor elementor-clearfix\"><p>A creative space that transforms psychic suffering through art.<\/p><\/div><\/div><\/div>\t\t\t\t\t\t<\/div>\n\t\t\t\t<\/div>\n\t\t\t\t<div class=\"elementor-element elementor-element-9c35f07 elementor-align-left elementor-widget elementor-widget-button\" data-id=\"9c35f07\" data-element_type=\"widget\" data-widget_type=\"button.default\">\n\t\t\t\t<div class=\"elementor-widget-container\">\n\t\t\t\t\t<div class=\"elementor-button-wrapper\">\n\t\t\t<a class=\"elementor-button elementor-button-link elementor-size-md elementor-animation-bob\" href=\"mailto:fragmentosdeunaloca@gmail.com\">\n\t\t\t\t\t\t<span class=\"elementor-button-content-wrapper\">\n\t\t\t\t\t\t\t\t\t<span class=\"elementor-button-text\">Contact<\/span>\n\t\t\t\t\t<\/span>\n\t\t\t\t\t<\/a>\n\t\t<\/div>\n\t\t\t\t<\/div>\n\t\t\t\t<\/div>\n\t\t\t\t<div class=\"elementor-element elementor-element-289aafa e-grid-align-left elementor-shape-rounded elementor-grid-0 elementor-widget elementor-widget-social-icons\" data-id=\"289aafa\" data-element_type=\"widget\" data-widget_type=\"social-icons.default\">\n\t\t\t\t<div class=\"elementor-widget-container\">\n\t\t\t\t\t<div class=\"elementor-social-icons-wrapper elementor-grid\">\n\t\t\t\t\t\t\t<span class=\"elementor-grid-item\">\n\t\t\t\t\t<a class=\"elementor-icon elementor-social-icon elementor-social-icon-instagram elementor-repeater-item-be9c7fb\" href=\"https:\/\/www.instagram.com\/laneurateatre\/\" target=\"_blank\" rel=\"noopener\">\n\t\t\t\t\t\t<span class=\"elementor-screen-only\">Instagram<\/span>\n\t\t\t\t\t\t<i class=\"fab fa-instagram\"><\/i>\t\t\t\t\t<\/a>\n\t\t\t\t<\/span>\n\t\t\t\t\t<\/div>\n\t\t\t\t<\/div>\n\t\t\t\t<\/div>\n\t\t\t\t\t<\/div>\n\t\t<\/div>\n\t\t\t\t\t<\/div>\n\t\t<\/section>\n\t\t\t\t\t<\/div>\n\t\t<\/div>\n\t\t\t\t<div class=\"elementor-column elementor-col-50 elementor-top-column elementor-element elementor-element-7dd0a38 elementor-hidden-phone\" data-id=\"7dd0a38\" data-element_type=\"column\">\n\t\t\t<div class=\"elementor-widget-wrap elementor-element-populated\">\n\t\t\t\t\t\t<div class=\"elementor-element elementor-element-8857f65 elementor-widget__width-initial elementor-absolute elementor-widget elementor-widget-image\" data-id=\"8857f65\" data-element_type=\"widget\" data-settings=\"{&quot;_position&quot;:&quot;absolute&quot;}\" data-widget_type=\"image.default\">\n\t\t\t\t<div class=\"elementor-widget-container\">\n\t\t\t\t\t\t\t\t\t\t\t\t\t<img decoding=\"async\" src=\"https:\/\/laneura.es\/wp-content\/uploads\/2025\/02\/AJBCN_Sign_Com_1tinta-Negatiu.png\" title=\"AJBCN_Sign_Com_1ink-Negative\" alt=\"AJBCN_Sign_Com_1tinta-Negatiu\" loading=\"lazy\" \/>\t\t\t\t\t\t\t\t\t\t\t\t\t<\/div>\n\t\t\t\t<\/div>\n\t\t\t\t\t<\/div>\n\t\t<\/div>\n\t\t\t\t\t<\/div>\n\t\t<\/section>\n\t\t\t\t<section class=\"elementor-section elementor-top-section elementor-element elementor-element-dd52deb elementor-section-boxed elementor-section-height-default elementor-section-height-default\" data-id=\"dd52deb\" data-element_type=\"section\">\n\t\t\t\t\t\t<div class=\"elementor-container elementor-column-gap-default\">\n\t\t\t\t\t<div class=\"elementor-column elementor-col-100 elementor-top-column elementor-element elementor-element-a223a72\" data-id=\"a223a72\" data-element_type=\"column\">\n\t\t\t<div class=\"elementor-widget-wrap elementor-element-populated\">\n\t\t\t\t\t\t<div class=\"elementor-element elementor-element-2ad4019 elementor-widget elementor-widget-text-editor\" data-id=\"2ad4019\" data-element_type=\"widget\" data-widget_type=\"text-editor.default\">\n\t\t\t\t<div class=\"elementor-widget-container\">\n\t\t\t\t\t\t\t<h6>With the support of Barcelona City Council and ICUB.<\/h6>\t\t\t\t\t\t<\/div>\n\t\t\t\t<\/div>\n\t\t\t\t\t<\/div>\n\t\t<\/div>\n\t\t\t\t\t<\/div>\n\t\t<\/section>\n\t\t\t\t<\/div>","protected":false},"excerpt":{"rendered":"<p>El Teatre com a Espai Comunitari Espais no convencionals La Neura explora activament espais no convencionals per expandir els l\u00edmits de l&#8217;experi\u00e8ncia teatral i apropar-se a un p\u00fablic ampli i [&hellip;]<\/p>","protected":false},"author":1,"featured_media":0,"parent":0,"menu_order":0,"comment_status":"closed","ping_status":"closed","template":"elementor_header_footer","meta":{"footnotes":""},"_links":{"self":[{"href":"https:\/\/laneura.es\/en\/wp-json\/wp\/v2\/pages\/1871"}],"collection":[{"href":"https:\/\/laneura.es\/en\/wp-json\/wp\/v2\/pages"}],"about":[{"href":"https:\/\/laneura.es\/en\/wp-json\/wp\/v2\/types\/page"}],"author":[{"embeddable":true,"href":"https:\/\/laneura.es\/en\/wp-json\/wp\/v2\/users\/1"}],"replies":[{"embeddable":true,"href":"https:\/\/laneura.es\/en\/wp-json\/wp\/v2\/comments?post=1871"}],"version-history":[{"count":19,"href":"https:\/\/laneura.es\/en\/wp-json\/wp\/v2\/pages\/1871\/revisions"}],"predecessor-version":[{"id":2055,"href":"https:\/\/laneura.es\/en\/wp-json\/wp\/v2\/pages\/1871\/revisions\/2055"}],"wp:attachment":[{"href":"https:\/\/laneura.es\/en\/wp-json\/wp\/v2\/media?parent=1871"}],"curies":[{"name":"wp","href":"https:\/\/api.w.org\/{rel}","templated":true}]}}